{"id":30210,"date":"2025-04-28T12:59:58","date_gmt":"2025-04-28T10:59:58","guid":{"rendered":"https:\/\/emergencyeye.de\/legal-notice\/"},"modified":"2025-09-23T10:36:14","modified_gmt":"2025-09-23T08:36:14","slug":"legal-notice","status":"publish","type":"page","link":"https:\/\/emergencyeye.de\/en\/legal-notice\/","title":{"rendered":"Legal notice"},"content":{"rendered":"\t\t<div data-elementor-type=\"wp-page\" data-elementor-id=\"30210\" class=\"elementor elementor-30210 elementor-22635\" data-elementor-post-type=\"page\">\n\t\t\t\t<div class=\"elementor-element elementor-element-4df3e9a3 e-flex e-con-boxed e-con e-parent\" data-id=\"4df3e9a3\" data-element_type=\"container\" data-e-type=\"container\">\n\t\t\t\t\t<div class=\"e-con-inner\">\n\t\t<div class=\"elementor-element elementor-element-518b2b6c e-con-full hero-mask e-flex e-con e-child\" data-id=\"518b2b6c\" data-element_type=\"container\" data-e-type=\"container\" data-settings=\"{&quot;background_background&quot;:&quot;classic&quot;}\">\n\t\t\t\t<\/div>\n\t\t<div class=\"elementor-element elementor-element-10f00dbb e-con-full e-flex e-con e-child\" data-id=\"10f00dbb\" data-element_type=\"container\" data-e-type=\"container\" data-settings=\"{&quot;background_background&quot;:&quot;classic&quot;}\">\n\t\t\t\t<div class=\"elementor-element elementor-element-57d7241b white-dots elementor-widget elementor-widget-heading\" data-id=\"57d7241b\" data-element_type=\"widget\" data-e-type=\"widget\" data-widget_type=\"heading.default\">\n\t\t\t\t<div class=\"elementor-widget-container\">\n\t\t\t\t\t<h1 class=\"elementor-heading-title elementor-size-default\">Legal notice<\/h1>\t\t\t\t<\/div>\n\t\t\t\t<\/div>\n\t\t\t\t<\/div>\n\t\t<div class=\"elementor-element elementor-element-4d381a6c e-con-full e-flex e-con e-child\" data-id=\"4d381a6c\" data-element_type=\"container\" data-e-type=\"container\">\n\t\t\t\t<\/div>\n\t\t\t\t\t<\/div>\n\t\t\t\t<\/div>\n\t\t<div class=\"elementor-element elementor-element-5bc6b468 e-flex e-con-boxed e-con e-parent\" data-id=\"5bc6b468\" data-element_type=\"container\" data-e-type=\"container\">\n\t\t\t\t\t<div class=\"e-con-inner\">\n\t\t\t\t<div class=\"elementor-element elementor-element-461b9123 elementor-widget elementor-widget-breadcrumbs\" data-id=\"461b9123\" data-element_type=\"widget\" data-e-type=\"widget\" data-widget_type=\"breadcrumbs.default\">\n\t\t\t\t<div class=\"elementor-widget-container\">\n\t\t\t\t\t<p id=\"breadcrumbs\"><span><span><a href=\"https:\/\/emergencyeye.de\/en\/home-page\/\">Startseite<\/a><\/span><\/span><\/p>\t\t\t\t<\/div>\n\t\t\t\t<\/div>\n\t\t\t\t\t<\/div>\n\t\t\t\t<\/div>\n\t\t<div class=\"elementor-element elementor-element-38dd2886 e-flex e-con-boxed e-con e-parent\" data-id=\"38dd2886\" data-element_type=\"container\" data-e-type=\"container\">\n\t\t\t\t\t<div class=\"e-con-inner\">\n\t\t<div class=\"elementor-element elementor-element-535c12b7 e-con-full e-flex e-con e-child\" data-id=\"535c12b7\" data-element_type=\"container\" data-e-type=\"container\">\n\t\t\t\t<div class=\"elementor-element elementor-element-78303818 elementor-widget elementor-widget-text-editor\" data-id=\"78303818\" data-element_type=\"widget\" data-e-type=\"widget\" data-widget_type=\"text-editor.default\">\n\t\t\t\t<div class=\"elementor-widget-container\">\n\t\t\t\t\t\t\t\t\t<p>COREVAS GmbH &amp; Co KG<br>Alt-M\u00fchlrath 22 | 41516 Grevenbroich<br><a href=\"mailto:carolapetri@corevas.de\" target=\"_blank\" rel=\"noreferrer noopener\">carolapetri@corevas.de<\/a><\/p><p>CEO Dipl. Des. Carola Petri<br>M\u00f6nchengladbach Local Court: HRA No. 7300<br>VAT ID No.: DE 299325170<\/p><p>Design &amp; concept<br>Ren\u00e9 Roeterink | <a href=\"https:\/\/www.edelrot.org\" target=\"_blank\" rel=\"noreferrer noopener\">www.edelrot.org<\/a><br>Iris Mecklenburg | <a href=\"https:\/\/corevas.de\">www.corevas.de<\/a><\/p>\t\t\t\t\t\t\t\t<\/div>\n\t\t\t\t<\/div>\n\t\t\t\t<\/div>\n\t\t\t\t\t<\/div>\n\t\t\t\t<\/div>\n\t\t<div class=\"elementor-element elementor-element-4b4d123 e-flex e-con-boxed e-con e-parent\" data-id=\"4b4d123\" data-element_type=\"container\" data-e-type=\"container\">\n\t\t\t\t\t<div class=\"e-con-inner\">\n\t\t<div class=\"elementor-element elementor-element-3e8c6c0 e-con-full e-flex e-con e-child\" data-id=\"3e8c6c0\" data-element_type=\"container\" data-e-type=\"container\">\n\t\t\t\t<div class=\"elementor-element elementor-element-9070adf elementor-widget elementor-widget-heading\" data-id=\"9070adf\" data-element_type=\"widget\" data-e-type=\"widget\" data-widget_type=\"heading.default\">\n\t\t\t\t<div class=\"elementor-widget-container\">\n\t\t\t\t\t<h2 class=\"elementor-heading-title elementor-size-default\">Disclaimer<\/h2>\t\t\t\t<\/div>\n\t\t\t\t<\/div>\n\t\t\t\t<div class=\"elementor-element elementor-element-1232ffb elementor-widget elementor-widget-heading\" data-id=\"1232ffb\" data-element_type=\"widget\" data-e-type=\"widget\" data-widget_type=\"heading.default\">\n\t\t\t\t<div class=\"elementor-widget-container\">\n\t\t\t\t\t<h3 class=\"elementor-heading-title elementor-size-default\">1. content of the online offer<\/h3>\t\t\t\t<\/div>\n\t\t\t\t<\/div>\n\t\t\t\t<div class=\"elementor-element elementor-element-d0e4011 elementor-widget elementor-widget-text-editor\" data-id=\"d0e4011\" data-element_type=\"widget\" data-e-type=\"widget\" data-widget_type=\"text-editor.default\">\n\t\t\t\t<div class=\"elementor-widget-container\">\n\t\t\t\t\t\t\t\t\tThe author assumes no responsibility for the topicality, correctness, completeness or quality of the information provided. Liability claims against the author, which refer to material or immaterial nature caused by use or disuse of the information or the use of incorrect and \/ or incomplete information are excluded, unless the author is not intentional or grossly negligent fault. All offers are subject to change and non-binding. The author expressly reserves the right to change, supplement or delete parts of the pages or the entire offer without prior notice or to cease publication temporarily or permanently.\t\t\t\t\t\t\t\t<\/div>\n\t\t\t\t<\/div>\n\t\t\t\t<\/div>\n\t\t\t\t\t<\/div>\n\t\t\t\t<\/div>\n\t\t<div class=\"elementor-element elementor-element-ff79032 e-flex e-con-boxed e-con e-parent\" data-id=\"ff79032\" data-element_type=\"container\" data-e-type=\"container\">\n\t\t\t\t\t<div class=\"e-con-inner\">\n\t\t<div class=\"elementor-element elementor-element-aa06ea0 e-con-full e-flex e-con e-child\" data-id=\"aa06ea0\" data-element_type=\"container\" data-e-type=\"container\">\n\t\t\t\t<div class=\"elementor-element elementor-element-8e48251 elementor-widget elementor-widget-heading\" data-id=\"8e48251\" data-element_type=\"widget\" data-e-type=\"widget\" data-widget_type=\"heading.default\">\n\t\t\t\t<div class=\"elementor-widget-container\">\n\t\t\t\t\t<h3 class=\"elementor-heading-title elementor-size-default\">2. references and links<\/h3>\t\t\t\t<\/div>\n\t\t\t\t<\/div>\n\t\t\t\t<div class=\"elementor-element elementor-element-41b14d3 elementor-widget elementor-widget-text-editor\" data-id=\"41b14d3\" data-element_type=\"widget\" data-e-type=\"widget\" data-widget_type=\"text-editor.default\">\n\t\t\t\t<div class=\"elementor-widget-container\">\n\t\t\t\t\t\t\t\t\t<p>The author is not responsible for any contents linked or referred to from his pages &#8211; unless he has full knowledge of illegal contents and would be able to prevent the visitors of his site fromviewing those pages. The author has no influence on the current and future design, content or authorship of the linked pages. Therefore, he hereby expressly dissociates himself from all contents of all linked pages that were changed after the link was set. This statement applies to all links and references set within the own Internet offer as well as to external entries in guest books, discussion forums, link directories, mailing lists set up by the author and in all other forms of databases to whose content external write access is possible. For illegal, incorrect or incomplete contents and especially for damages resulting from the use or non-use of such information, only the provider of the linked page is liable, not the one who has linked to the respective publication.<\/p>\t\t\t\t\t\t\t\t<\/div>\n\t\t\t\t<\/div>\n\t\t\t\t<\/div>\n\t\t\t\t\t<\/div>\n\t\t\t\t<\/div>\n\t\t<div class=\"elementor-element elementor-element-f72f1af e-flex e-con-boxed e-con e-parent\" data-id=\"f72f1af\" data-element_type=\"container\" data-e-type=\"container\">\n\t\t\t\t\t<div class=\"e-con-inner\">\n\t\t<div class=\"elementor-element elementor-element-0045cee e-con-full e-flex e-con e-child\" data-id=\"0045cee\" data-element_type=\"container\" data-e-type=\"container\">\n\t\t\t\t<div class=\"elementor-element elementor-element-8c297f0 elementor-widget elementor-widget-heading\" data-id=\"8c297f0\" data-element_type=\"widget\" data-e-type=\"widget\" data-widget_type=\"heading.default\">\n\t\t\t\t<div class=\"elementor-widget-container\">\n\t\t\t\t\t<h3 class=\"elementor-heading-title elementor-size-default\">3. copyright and trademark law<\/h3>\t\t\t\t<\/div>\n\t\t\t\t<\/div>\n\t\t\t\t<div class=\"elementor-element elementor-element-039313f elementor-widget elementor-widget-text-editor\" data-id=\"039313f\" data-element_type=\"widget\" data-e-type=\"widget\" data-widget_type=\"text-editor.default\">\n\t\t\t\t<div class=\"elementor-widget-container\">\n\t\t\t\t\t\t\t\t\tThe author endeavors to observe the copyrights of the images, graphics, sound documents, video sequences and texts used in all publications, to use images, graphics, sound documents, video sequences and texts created by himself or to use license-free graphics, sound documents, video sequences and texts. All brands and trademarks mentioned within the Internet offer and possibly protected by third parties are subject without restriction to the provisions of the applicable trademark law and the ownership rights of the respective registered owners. The mere mention of a trademark does not mean that it is not protected by the rights of third parties. The copyright for published objects created by the author himself remains solely with the author of the pages. Any duplication or use of objects such as diagrams, sounds or texts in other electronic or printed publications is not permitted without the author&#8217;s agreement.\t\t\t\t\t\t\t\t<\/div>\n\t\t\t\t<\/div>\n\t\t\t\t<\/div>\n\t\t\t\t\t<\/div>\n\t\t\t\t<\/div>\n\t\t<div class=\"elementor-element elementor-element-a9ea839 e-flex e-con-boxed e-con e-parent\" data-id=\"a9ea839\" data-element_type=\"container\" data-e-type=\"container\">\n\t\t\t\t\t<div class=\"e-con-inner\">\n\t\t<div class=\"elementor-element elementor-element-94b5b74 e-con-full e-flex e-con e-child\" data-id=\"94b5b74\" data-element_type=\"container\" data-e-type=\"container\">\n\t\t\t\t<div class=\"elementor-element elementor-element-9b1f4e4 elementor-widget elementor-widget-heading\" data-id=\"9b1f4e4\" data-element_type=\"widget\" data-e-type=\"widget\" data-widget_type=\"heading.default\">\n\t\t\t\t<div class=\"elementor-widget-container\">\n\t\t\t\t\t<h3 class=\"elementor-heading-title elementor-size-default\">4. data protection<\/h3>\t\t\t\t<\/div>\n\t\t\t\t<\/div>\n\t\t\t\t<div class=\"elementor-element elementor-element-a02d558 elementor-widget elementor-widget-text-editor\" data-id=\"a02d558\" data-element_type=\"widget\" data-e-type=\"widget\" data-widget_type=\"text-editor.default\">\n\t\t\t\t<div class=\"elementor-widget-container\">\n\t\t\t\t\t\t\t\t\tIf the opportunity for the input of personal or business data (email addresses, name, addresses) is given, the input of these data takes place voluntarily. The use of all offered services is permitted &#8211; if and so far technically possible and reasonable &#8211; without specification of any personal data or under specification of anonymized data or an alias. The use of published postal addresses, telephone or fax numbers and email addresses for marketing purposes is prohibited, offenders sending unwanted spam messages will be punished. We expressly reserve the right to take legal action against the senders of so-called spam mails in the event of violations of this prohibition.\t\t\t\t\t\t\t\t<\/div>\n\t\t\t\t<\/div>\n\t\t\t\t<\/div>\n\t\t\t\t\t<\/div>\n\t\t\t\t<\/div>\n\t\t<div class=\"elementor-element elementor-element-d5615a0 e-flex e-con-boxed e-con e-parent\" data-id=\"d5615a0\" data-element_type=\"container\" data-e-type=\"container\">\n\t\t\t\t\t<div class=\"e-con-inner\">\n\t\t<div class=\"elementor-element elementor-element-c8a9fb2 e-con-full e-flex e-con e-child\" data-id=\"c8a9fb2\" data-element_type=\"container\" data-e-type=\"container\">\n\t\t\t\t<div class=\"elementor-element elementor-element-e0ad2fb elementor-widget elementor-widget-heading\" data-id=\"e0ad2fb\" data-element_type=\"widget\" data-e-type=\"widget\" data-widget_type=\"heading.default\">\n\t\t\t\t<div class=\"elementor-widget-container\">\n\t\t\t\t\t<h3 class=\"elementor-heading-title elementor-size-default\">5. legal validity of this disclaimer<\/h3>\t\t\t\t<\/div>\n\t\t\t\t<\/div>\n\t\t\t\t<div class=\"elementor-element elementor-element-c3d0eb2 elementor-widget elementor-widget-text-editor\" data-id=\"c3d0eb2\" data-element_type=\"widget\" data-e-type=\"widget\" data-widget_type=\"text-editor.default\">\n\t\t\t\t<div class=\"elementor-widget-container\">\n\t\t\t\t\t\t\t\t\tThis disclaimer is to be regarded as part of the internet publication which you were referred from. If sections or individual terms of this statement are not legal or correct, the content or validity of the other parts remain uninfluenced by this fact.\t\t\t\t\t\t\t\t<\/div>\n\t\t\t\t<\/div>\n\t\t\t\t<\/div>\n\t\t\t\t\t<\/div>\n\t\t\t\t<\/div>\n\t\t\t\t<\/div>\n\t\t","protected":false},"excerpt":{"rendered":"<p>COREVAS GmbH &amp; Co KGAlt-M\u00fchlrath 22 | 41516 Grevenbroichcarolapetri@corevas.de CEO Dipl. Des. Carola PetriM\u00f6nchengladbach Local Court: HRA No. 7300VAT ID No.: DE 299325170 Design &amp; conceptRen\u00e9 Roeterink | www.edelrot.orgIris Mecklenburg | www.corevas.de Disclaimer 1. content of the online offer The author assumes no responsibility for the topicality, correctness, completeness or quality of the information provided. [&hellip;]<\/p>\n","protected":false},"author":1,"featured_media":22637,"parent":0,"menu_order":0,"comment_status":"closed","ping_status":"closed","template":"","meta":{"_acf_changed":false,"footnotes":""},"class_list":["post-30210","page","type-page","status-publish","has-post-thumbnail","hentry"],"acf":[],"yoast_head":"<!-- This site is optimized with the Yoast SEO plugin v27.4 - https:\/\/yoast.com\/product\/yoast-seo-wordpress\/ -->\n<title>Legal notice - emergencyeye.de<\/title>\n<meta name=\"robots\" content=\"index, follow, max-snippet:-1, max-image-preview:large, max-video-preview:-1\" \/>\n<link rel=\"canonical\" href=\"https:\/\/emergencyeye.de\/en\/legal-notice\/\" \/>\n<meta property=\"og:locale\" content=\"en_US\" \/>\n<meta property=\"og:type\" content=\"article\" \/>\n<meta property=\"og:title\" content=\"Legal notice - emergencyeye.de\" \/>\n<meta property=\"og:description\" content=\"COREVAS GmbH &amp; Co KGAlt-M\u00fchlrath 22 | 41516 Grevenbroichcarolapetri@corevas.de CEO Dipl. Des. Carola PetriM\u00f6nchengladbach Local Court: HRA No. 7300VAT ID No.: DE 299325170 Design &amp; conceptRen\u00e9 Roeterink | www.edelrot.orgIris Mecklenburg | www.corevas.de Disclaimer 1. content of the online offer The author assumes no responsibility for the topicality, correctness, completeness or quality of the information provided. [&hellip;]\" \/>\n<meta property=\"og:url\" content=\"https:\/\/emergencyeye.de\/en\/legal-notice\/\" \/>\n<meta property=\"og:site_name\" content=\"emergencyeye.de\" \/>\n<meta property=\"article:modified_time\" content=\"2025-09-23T08:36:14+00:00\" \/>\n<meta property=\"og:image\" content=\"https:\/\/emergencyeye.de\/wp-content\/uploads\/hero-schreiben-carola.jpg\" \/>\n\t<meta property=\"og:image:width\" content=\"1928\" \/>\n\t<meta property=\"og:image:height\" content=\"1000\" \/>\n\t<meta property=\"og:image:type\" content=\"image\/jpeg\" \/>\n<meta name=\"twitter:card\" content=\"summary_large_image\" \/>\n<meta name=\"twitter:label1\" content=\"Est. reading time\" \/>\n\t<meta name=\"twitter:data1\" content=\"3 minutes\" \/>\n<script type=\"application\/ld+json\" class=\"yoast-schema-graph\">{\"@context\":\"https:\\\/\\\/schema.org\",\"@graph\":[{\"@type\":\"WebPage\",\"@id\":\"https:\\\/\\\/emergencyeye.de\\\/en\\\/legal-notice\\\/\",\"url\":\"https:\\\/\\\/emergencyeye.de\\\/en\\\/legal-notice\\\/\",\"name\":\"Legal notice - emergencyeye.de\",\"isPartOf\":{\"@id\":\"https:\\\/\\\/emergencyeye.de\\\/en\\\/#website\"},\"primaryImageOfPage\":{\"@id\":\"https:\\\/\\\/emergencyeye.de\\\/en\\\/legal-notice\\\/#primaryimage\"},\"image\":{\"@id\":\"https:\\\/\\\/emergencyeye.de\\\/en\\\/legal-notice\\\/#primaryimage\"},\"thumbnailUrl\":\"https:\\\/\\\/emergencyeye.de\\\/wp-content\\\/uploads\\\/hero-schreiben-carola.jpg\",\"datePublished\":\"2025-04-28T10:59:58+00:00\",\"dateModified\":\"2025-09-23T08:36:14+00:00\",\"breadcrumb\":{\"@id\":\"https:\\\/\\\/emergencyeye.de\\\/en\\\/legal-notice\\\/#breadcrumb\"},\"inLanguage\":\"en-US\",\"potentialAction\":[{\"@type\":\"ReadAction\",\"target\":[\"https:\\\/\\\/emergencyeye.de\\\/en\\\/legal-notice\\\/\"]}]},{\"@type\":\"ImageObject\",\"inLanguage\":\"en-US\",\"@id\":\"https:\\\/\\\/emergencyeye.de\\\/en\\\/legal-notice\\\/#primaryimage\",\"url\":\"https:\\\/\\\/emergencyeye.de\\\/wp-content\\\/uploads\\\/hero-schreiben-carola.jpg\",\"contentUrl\":\"https:\\\/\\\/emergencyeye.de\\\/wp-content\\\/uploads\\\/hero-schreiben-carola.jpg\",\"width\":1928,\"height\":1000,\"caption\":\"Photo hands writing, pen\"},{\"@type\":\"BreadcrumbList\",\"@id\":\"https:\\\/\\\/emergencyeye.de\\\/en\\\/legal-notice\\\/#breadcrumb\",\"itemListElement\":[{\"@type\":\"ListItem\",\"position\":1,\"name\":\"Startseite\",\"item\":\"https:\\\/\\\/emergencyeye.de\\\/en\\\/home-page\\\/\"},{\"@type\":\"ListItem\",\"position\":2,\"name\":\"Legal notice\"}]},{\"@type\":\"WebSite\",\"@id\":\"https:\\\/\\\/emergencyeye.de\\\/en\\\/#website\",\"url\":\"https:\\\/\\\/emergencyeye.de\\\/en\\\/\",\"name\":\"emergencyeye.de\",\"description\":\"EmergencyEye - Ihr Auge vor Ort\",\"publisher\":{\"@id\":\"https:\\\/\\\/emergencyeye.de\\\/en\\\/#organization\"},\"potentialAction\":[{\"@type\":\"SearchAction\",\"target\":{\"@type\":\"EntryPoint\",\"urlTemplate\":\"https:\\\/\\\/emergencyeye.de\\\/en\\\/?s={search_term_string}\"},\"query-input\":{\"@type\":\"PropertyValueSpecification\",\"valueRequired\":true,\"valueName\":\"search_term_string\"}}],\"inLanguage\":\"en-US\"},{\"@type\":\"Organization\",\"@id\":\"https:\\\/\\\/emergencyeye.de\\\/en\\\/#organization\",\"name\":\"emergencyeye.de\",\"url\":\"https:\\\/\\\/emergencyeye.de\\\/en\\\/\",\"logo\":{\"@type\":\"ImageObject\",\"inLanguage\":\"en-US\",\"@id\":\"https:\\\/\\\/emergencyeye.de\\\/en\\\/#\\\/schema\\\/logo\\\/image\\\/\",\"url\":\"https:\\\/\\\/emergencyeye.de\\\/wp-content\\\/uploads\\\/cropped-ee-favicon-8.png\",\"contentUrl\":\"https:\\\/\\\/emergencyeye.de\\\/wp-content\\\/uploads\\\/cropped-ee-favicon-8.png\",\"width\":512,\"height\":512,\"caption\":\"emergencyeye.de\"},\"image\":{\"@id\":\"https:\\\/\\\/emergencyeye.de\\\/en\\\/#\\\/schema\\\/logo\\\/image\\\/\"},\"sameAs\":[\"https:\\\/\\\/www.linkedin.com\\\/showcase\\\/emergencyeye\\\/\"]}]}<\/script>\n<!-- \/ Yoast SEO plugin. -->","yoast_head_json":{"title":"Legal notice - emergencyeye.de","robots":{"index":"index","follow":"follow","max-snippet":"max-snippet:-1","max-image-preview":"max-image-preview:large","max-video-preview":"max-video-preview:-1"},"canonical":"https:\/\/emergencyeye.de\/en\/legal-notice\/","og_locale":"en_US","og_type":"article","og_title":"Legal notice - emergencyeye.de","og_description":"COREVAS GmbH &amp; Co KGAlt-M\u00fchlrath 22 | 41516 Grevenbroichcarolapetri@corevas.de CEO Dipl. Des. Carola PetriM\u00f6nchengladbach Local Court: HRA No. 7300VAT ID No.: DE 299325170 Design &amp; conceptRen\u00e9 Roeterink | www.edelrot.orgIris Mecklenburg | www.corevas.de Disclaimer 1. content of the online offer The author assumes no responsibility for the topicality, correctness, completeness or quality of the information provided. [&hellip;]","og_url":"https:\/\/emergencyeye.de\/en\/legal-notice\/","og_site_name":"emergencyeye.de","article_modified_time":"2025-09-23T08:36:14+00:00","og_image":[{"width":1928,"height":1000,"url":"https:\/\/emergencyeye.de\/wp-content\/uploads\/hero-schreiben-carola.jpg","type":"image\/jpeg"}],"twitter_card":"summary_large_image","twitter_misc":{"Est. reading time":"3 minutes"},"schema":{"@context":"https:\/\/schema.org","@graph":[{"@type":"WebPage","@id":"https:\/\/emergencyeye.de\/en\/legal-notice\/","url":"https:\/\/emergencyeye.de\/en\/legal-notice\/","name":"Legal notice - emergencyeye.de","isPartOf":{"@id":"https:\/\/emergencyeye.de\/en\/#website"},"primaryImageOfPage":{"@id":"https:\/\/emergencyeye.de\/en\/legal-notice\/#primaryimage"},"image":{"@id":"https:\/\/emergencyeye.de\/en\/legal-notice\/#primaryimage"},"thumbnailUrl":"https:\/\/emergencyeye.de\/wp-content\/uploads\/hero-schreiben-carola.jpg","datePublished":"2025-04-28T10:59:58+00:00","dateModified":"2025-09-23T08:36:14+00:00","breadcrumb":{"@id":"https:\/\/emergencyeye.de\/en\/legal-notice\/#breadcrumb"},"inLanguage":"en-US","potentialAction":[{"@type":"ReadAction","target":["https:\/\/emergencyeye.de\/en\/legal-notice\/"]}]},{"@type":"ImageObject","inLanguage":"en-US","@id":"https:\/\/emergencyeye.de\/en\/legal-notice\/#primaryimage","url":"https:\/\/emergencyeye.de\/wp-content\/uploads\/hero-schreiben-carola.jpg","contentUrl":"https:\/\/emergencyeye.de\/wp-content\/uploads\/hero-schreiben-carola.jpg","width":1928,"height":1000,"caption":"Photo hands writing, pen"},{"@type":"BreadcrumbList","@id":"https:\/\/emergencyeye.de\/en\/legal-notice\/#breadcrumb","itemListElement":[{"@type":"ListItem","position":1,"name":"Startseite","item":"https:\/\/emergencyeye.de\/en\/home-page\/"},{"@type":"ListItem","position":2,"name":"Legal notice"}]},{"@type":"WebSite","@id":"https:\/\/emergencyeye.de\/en\/#website","url":"https:\/\/emergencyeye.de\/en\/","name":"emergencyeye.de","description":"EmergencyEye - Ihr Auge vor Ort","publisher":{"@id":"https:\/\/emergencyeye.de\/en\/#organization"},"potentialAction":[{"@type":"SearchAction","target":{"@type":"EntryPoint","urlTemplate":"https:\/\/emergencyeye.de\/en\/?s={search_term_string}"},"query-input":{"@type":"PropertyValueSpecification","valueRequired":true,"valueName":"search_term_string"}}],"inLanguage":"en-US"},{"@type":"Organization","@id":"https:\/\/emergencyeye.de\/en\/#organization","name":"emergencyeye.de","url":"https:\/\/emergencyeye.de\/en\/","logo":{"@type":"ImageObject","inLanguage":"en-US","@id":"https:\/\/emergencyeye.de\/en\/#\/schema\/logo\/image\/","url":"https:\/\/emergencyeye.de\/wp-content\/uploads\/cropped-ee-favicon-8.png","contentUrl":"https:\/\/emergencyeye.de\/wp-content\/uploads\/cropped-ee-favicon-8.png","width":512,"height":512,"caption":"emergencyeye.de"},"image":{"@id":"https:\/\/emergencyeye.de\/en\/#\/schema\/logo\/image\/"},"sameAs":["https:\/\/www.linkedin.com\/showcase\/emergencyeye\/"]}]}},"_links":{"self":[{"href":"https:\/\/emergencyeye.de\/en\/wp-json\/wp\/v2\/pages\/30210","targetHints":{"allow":["GET"]}}],"collection":[{"href":"https:\/\/emergencyeye.de\/en\/wp-json\/wp\/v2\/pages"}],"about":[{"href":"https:\/\/emergencyeye.de\/en\/wp-json\/wp\/v2\/types\/page"}],"author":[{"embeddable":true,"href":"https:\/\/emergencyeye.de\/en\/wp-json\/wp\/v2\/users\/1"}],"replies":[{"embeddable":true,"href":"https:\/\/emergencyeye.de\/en\/wp-json\/wp\/v2\/comments?post=30210"}],"version-history":[{"count":0,"href":"https:\/\/emergencyeye.de\/en\/wp-json\/wp\/v2\/pages\/30210\/revisions"}],"wp:featuredmedia":[{"embeddable":true,"href":"https:\/\/emergencyeye.de\/en\/wp-json\/wp\/v2\/media\/22637"}],"wp:attachment":[{"href":"https:\/\/emergencyeye.de\/en\/wp-json\/wp\/v2\/media?parent=30210"}],"curies":[{"name":"wp","href":"https:\/\/api.w.org\/{rel}","templated":true}]}}